{"id":91,"date":"2019-04-01T15:15:14","date_gmt":"2019-04-01T13:15:14","guid":{"rendered":"http:\/\/nicolas-informatique.com\/?page_id=91"},"modified":"2024-08-22T14:16:14","modified_gmt":"2024-08-22T12:16:14","slug":"bayeux","status":"publish","type":"page","link":"https:\/\/www.nicolas-informatique.com\/index.php\/bayeux\/","title":{"rendered":"Bayeux et alentours"},"content":{"rendered":"\n<p><strong>Nicolas Assistance Informatique<\/strong> se d\u00e9place uniquement \u00e0 votre domicile dans les zones suivantes pour les secteurs de <strong>Bayeux <\/strong>(et alentours) .<br> \u2022    A votre domicile <br> \u2022    Secteurs d&rsquo;assistance \/ d\u00e9pannage informatique \u00e0 domicile : Bayeux et alentours (Calvados, Basse-Normandie) :<br> \u2022    Bayeux<\/p>\n\n\n\n<p> Secteurs d&rsquo;assistance \/ d\u00e9pannage informatique \u00e0 domicile : alentours de Bayeux <br> \u2022    Agy, Arganchy, Audrieu, Barbeville, Bayeux, Campigny, Chouain, Commes, Cond\u00e9-sur-Seulles, Cottun, Cussy, Ellon, Esquay-sur-Seulles, Gu\u00e9ron, Juaye-Mondaye, <a href=\"https:\/\/www.nicolas-informatique.com\/index.php\/longues-sur-mer\/\">Longues-sur-Mer<\/a>, Magny-en-Bessin, Le Manoir, Manvieux, Monceaux-en-Bessin, Nonant, Noron la Poterie, <a href=\"https:\/\/www.nicolas-informatique.com\/index.php\/port-en-bessin\/\">Port-en-Bessin-Huppain<\/a>, Ranchy, <a href=\"https:\/\/www.nicolas-informatique.com\/index.php\/ryes\/\">Ryes<\/a>, Saint-Loup-Hors, Saint-Martin-des-Entr\u00e9es, <a href=\"https:\/\/www.nicolas-informatique.com\/index.php\/saint-vigor-le-grand\/\">Saint-Vigor-le-Grand<\/a>, <a href=\"https:\/\/www.nicolas-informatique.com\/index.php\/sommervieu\/\">Sommervieu<\/a>, Subles, Sully, Tilly sur Seulles, Tracy-sur-Mer, Vaucelles, Vaux-sur-Aure, Vaux-sur-Seulles, Vienne-en-Bessin\u2026<\/p>\n\n\n\n<p><\/p>\n","protected":false},"excerpt":{"rendered":"<p>Nicolas Assistance Informatique se d\u00e9place uniquement \u00e0 votre domicile dans les zones suivantes pour les secteurs de Bayeux (et alentours) . \u2022 A votre domicile \u2022 Secteurs d&rsquo;assistance \/ d\u00e9pannage informatique \u00e0 domicile : Bayeux et alentours (Calvados, Basse-Normandie) : \u2022 Bayeux Secteurs d&rsquo;assistance \/ d\u00e9pannage informatique \u00e0 domicile : alentours de Bayeux \u2022 Agy, &hellip; <\/p>\n<p class=\"link-more\"><a href=\"https:\/\/www.nicolas-informatique.com\/index.php\/bayeux\/\" class=\"more-link\">Continuer la lecture<span class=\"screen-reader-text\"> de &laquo;&nbsp;Bayeux et alentours&nbsp;&raquo;<\/span><\/a><\/p>\n","protected":false},"author":1,"featured_media":0,"parent":0,"menu_order":0,"comment_status":"closed","ping_status":"closed","template":"","meta":[],"yoast_head":"<!-- This site is optimized with the Yoast SEO plugin v16.5 - https:\/\/yoast.com\/wordpress\/plugins\/seo\/ -->\n<title>Bayeux et alentours &gt; Nicolas assistance informatique<\/title>\n<meta name=\"description\" content=\"Assistance informatique et internet \u00e0 domicile sur Bayeux. Service \u00e0 la personne. D\u00e9pannage informatique \u00e0 domicile.\" \/>\n<meta name=\"robots\" content=\"index, follow, max-snippet:-1, max-image-preview:large, max-video-preview:-1\" \/>\n<link rel=\"canonical\" href=\"https:\/\/www.nicolas-informatique.com\/index.php\/bayeux\/\" \/>\n<meta property=\"og:locale\" content=\"fr_FR\" \/>\n<meta property=\"og:type\" content=\"article\" \/>\n<meta property=\"og:title\" content=\"Bayeux et alentours &gt; Nicolas assistance informatique\" \/>\n<meta property=\"og:description\" content=\"Assistance informatique et internet \u00e0 domicile sur Bayeux. Service \u00e0 la personne. D\u00e9pannage informatique \u00e0 domicile.\" \/>\n<meta property=\"og:url\" content=\"https:\/\/www.nicolas-informatique.com\/index.php\/bayeux\/\" \/>\n<meta property=\"og:site_name\" content=\"Nicolas assistance informatique\" \/>\n<meta property=\"article:publisher\" content=\"https:\/\/www.facebook.com\/nicolas.assistance.informatique\" \/>\n<meta property=\"article:modified_time\" content=\"2024-08-22T12:16:14+00:00\" \/>\n<meta name=\"twitter:card\" content=\"summary_large_image\" \/>\n<meta name=\"twitter:label1\" content=\"Dur\u00e9e de lecture est.\" \/>\n\t<meta name=\"twitter:data1\" content=\"1 minute\" \/>\n<script type=\"application\/ld+json\" class=\"yoast-schema-graph\">{\"@context\":\"https:\/\/schema.org\",\"@graph\":[{\"@type\":\"Organization\",\"@id\":\"https:\/\/www.nicolas-informatique.com\/#organization\",\"name\":\"Nicolas Assistance Informatique\",\"url\":\"https:\/\/www.nicolas-informatique.com\/\",\"sameAs\":[\"https:\/\/www.facebook.com\/nicolas.assistance.informatique\"],\"logo\":{\"@type\":\"ImageObject\",\"@id\":\"https:\/\/www.nicolas-informatique.com\/#logo\",\"inLanguage\":\"fr-FR\",\"url\":\"http:\/\/www.nicolas-informatique.com\/wp-content\/uploads\/2021\/06\/nicolas-assistance-informatique.jpg\",\"contentUrl\":\"http:\/\/www.nicolas-informatique.com\/wp-content\/uploads\/2021\/06\/nicolas-assistance-informatique.jpg\",\"width\":803,\"height\":613,\"caption\":\"Nicolas Assistance Informatique\"},\"image\":{\"@id\":\"https:\/\/www.nicolas-informatique.com\/#logo\"}},{\"@type\":\"WebSite\",\"@id\":\"https:\/\/www.nicolas-informatique.com\/#website\",\"url\":\"https:\/\/www.nicolas-informatique.com\/\",\"name\":\"Nicolas assistance informatique\",\"description\":\"Assistance informatique et internet \\u00e0 domicile \/ Bayeux - Tel : 06 29 37 87 16\",\"publisher\":{\"@id\":\"https:\/\/www.nicolas-informatique.com\/#organization\"},\"potentialAction\":[{\"@type\":\"SearchAction\",\"target\":\"https:\/\/www.nicolas-informatique.com\/?s={search_term_string}\",\"query-input\":\"required name=search_term_string\"}],\"inLanguage\":\"fr-FR\"},{\"@type\":\"WebPage\",\"@id\":\"https:\/\/www.nicolas-informatique.com\/index.php\/bayeux\/#webpage\",\"url\":\"https:\/\/www.nicolas-informatique.com\/index.php\/bayeux\/\",\"name\":\"Bayeux et alentours &gt; Nicolas assistance informatique\",\"isPartOf\":{\"@id\":\"https:\/\/www.nicolas-informatique.com\/#website\"},\"datePublished\":\"2019-04-01T13:15:14+00:00\",\"dateModified\":\"2024-08-22T12:16:14+00:00\",\"description\":\"Assistance informatique et internet \\u00e0 domicile sur Bayeux. Service \\u00e0 la personne. D\\u00e9pannage informatique \\u00e0 domicile.\",\"breadcrumb\":{\"@id\":\"https:\/\/www.nicolas-informatique.com\/index.php\/bayeux\/#breadcrumb\"},\"inLanguage\":\"fr-FR\",\"potentialAction\":[{\"@type\":\"ReadAction\",\"target\":[\"https:\/\/www.nicolas-informatique.com\/index.php\/bayeux\/\"]}]},{\"@type\":\"BreadcrumbList\",\"@id\":\"https:\/\/www.nicolas-informatique.com\/index.php\/bayeux\/#breadcrumb\",\"itemListElement\":[{\"@type\":\"ListItem\",\"position\":1,\"name\":\"Accueil\",\"item\":\"https:\/\/www.nicolas-informatique.com\/\"},{\"@type\":\"ListItem\",\"position\":2,\"name\":\"Bayeux et alentours\"}]}]}<\/script>\n<!-- \/ Yoast SEO plugin. -->","_links":{"self":[{"href":"https:\/\/www.nicolas-informatique.com\/index.php\/wp-json\/wp\/v2\/pages\/91"}],"collection":[{"href":"https:\/\/www.nicolas-informatique.com\/index.php\/wp-json\/wp\/v2\/pages"}],"about":[{"href":"https:\/\/www.nicolas-informatique.com\/index.php\/wp-json\/wp\/v2\/types\/page"}],"author":[{"embeddable":true,"href":"https:\/\/www.nicolas-informatique.com\/index.php\/wp-json\/wp\/v2\/users\/1"}],"replies":[{"embeddable":true,"href":"https:\/\/www.nicolas-informatique.com\/index.php\/wp-json\/wp\/v2\/comments?post=91"}],"version-history":[{"count":5,"href":"https:\/\/www.nicolas-informatique.com\/index.php\/wp-json\/wp\/v2\/pages\/91\/revisions"}],"predecessor-version":[{"id":350,"href":"https:\/\/www.nicolas-informatique.com\/index.php\/wp-json\/wp\/v2\/pages\/91\/revisions\/350"}],"wp:attachment":[{"href":"https:\/\/www.nicolas-informatique.com\/index.php\/wp-json\/wp\/v2\/media?parent=91"}],"curies":[{"name":"wp","href":"https:\/\/api.w.org\/{rel}","templated":true}]}}