{"id":69,"date":"2019-04-01T14:47:18","date_gmt":"2019-04-01T12:47:18","guid":{"rendered":"http:\/\/nicolas-informatique.com\/?page_id=69"},"modified":"2024-08-22T14:11:06","modified_gmt":"2024-08-22T12:11:06","slug":"informatique-a-domicile","status":"publish","type":"page","link":"https:\/\/www.nicolas-informatique.com\/","title":{"rendered":"Informatique \u00e0 domicile"},"content":{"rendered":"\n<p><strong>Pr\u00e9sentation <\/strong><\/p>\n\n\n\n<p>Depuis 2012, <strong>Nicolas Assistance Informatique<\/strong> propose \u00e0 <strong>Bayeux <\/strong>: des interventions \/ d\u00e9pannages concernant l&rsquo;assistance de votre <strong>mat\u00e9riel informatique<\/strong> (ordinateur, PC, tablette, imprimante, wifi, box) et<strong> internet \u00e0 votre domicile<\/strong>. Service r\u00e9serv\u00e9 aux particuliers.<\/p>\n\n\n\n<p class=\"has-text-align-left\"><strong>Nicolas Assistance Informatique<\/strong> est d\u00e9clar\u00e9 <strong>Service \u00e0 la Personne<\/strong>. Pour les particuliers, <strong>chaque intervention est d\u00e9ductible de 50% de vos imp\u00f4ts<\/strong> (r\u00e9duction ou cr\u00e9dit d&rsquo;imp\u00f4ts) selon la r\u00e8glementation en vigueur. <\/p>\n\n\n\n<p>&#8211; <strong>Assistance informatique<\/strong> \u00e0 domicile<br>&#8211; <strong>Assistance internet<\/strong> \u00e0 domicile<br>&#8211; <strong>Conseils pour le choix de votre mat\u00e9riel <\/strong>en fonction de vos besoins (conseils pour l&rsquo;ordinateur, pc, tablette, smartphone ou imprimante&#8230;)<\/p>\n\n\n\n<p>L&rsquo;assistance \u00e0 domicile propos\u00e9e exclue toute vente de mat\u00e9riel en direct. Cependant, je peux vous conseiller et vous aider \u00e0 commander selon vos besoins.  Ce service n&rsquo;int\u00e8gre pas la r\u00e9paration mat\u00e9rielle. Retrouvez toutes les informations sur le site \u00ab\u00a0<a href=\"https:\/\/www.servicesalapersonne.gouv.fr\/travailler-dans-sap\/metiers-des-sap\/assistant-informatique-et-internet-domicile\" target=\"_blank\" rel=\"noreferrer noopener\">Service \u00e0 la Personne<\/a>\u00a0\u00bb concernant l&rsquo;assistance informatique \u00e0 domicile.<\/p>\n\n\n\n<p>Suivez mon actualit\u00e9 et mes conseils sur l&rsquo;informatique <a href=\"https:\/\/www.nicolas-informatique.com\/index.php\/facebook\/\">sur Facebook en vous abonnant \u00e0 la page<\/a>.<\/p>\n","protected":false},"excerpt":{"rendered":"<p>Pr\u00e9sentation Depuis 2012, Nicolas Assistance Informatique propose \u00e0 Bayeux : des interventions \/ d\u00e9pannages concernant l&rsquo;assistance de votre mat\u00e9riel informatique (ordinateur, PC, tablette, imprimante, wifi, box) et internet \u00e0 votre domicile. Service r\u00e9serv\u00e9 aux particuliers. Nicolas Assistance Informatique est d\u00e9clar\u00e9 Service \u00e0 la Personne. Pour les particuliers, chaque intervention est d\u00e9ductible de 50% de vos &hellip; <\/p>\n<p class=\"link-more\"><a href=\"https:\/\/www.nicolas-informatique.com\/\" class=\"more-link\">Continuer la lecture<span class=\"screen-reader-text\"> de &laquo;&nbsp;Informatique \u00e0 domicile&nbsp;&raquo;<\/span><\/a><\/p>\n","protected":false},"author":1,"featured_media":99,"parent":0,"menu_order":0,"comment_status":"closed","ping_status":"closed","template":"","meta":[],"yoast_head":"<!-- This site is optimized with the Yoast SEO plugin v16.5 - https:\/\/yoast.com\/wordpress\/plugins\/seo\/ -->\n<title>Informatique \u00e0 domicile &gt; Nicolas assistance informatique<\/title>\n<meta name=\"description\" content=\"Assistance informatique et internet \u00e0 domicile Bayeux. Service \u00e0 la personne. D\u00e9pannage informatique \u00e0 domicile.\" \/>\n<meta name=\"robots\" content=\"index, follow, max-snippet:-1, max-image-preview:large, max-video-preview:-1\" \/>\n<link rel=\"canonical\" href=\"https:\/\/www.nicolas-informatique.com\/\" \/>\n<meta property=\"og:locale\" content=\"fr_FR\" \/>\n<meta property=\"og:type\" content=\"article\" \/>\n<meta property=\"og:title\" content=\"Informatique \u00e0 domicile &gt; Nicolas assistance informatique\" \/>\n<meta property=\"og:description\" content=\"Assistance informatique et internet \u00e0 domicile Bayeux. Service \u00e0 la personne. D\u00e9pannage informatique \u00e0 domicile.\" \/>\n<meta property=\"og:url\" content=\"https:\/\/www.nicolas-informatique.com\/\" \/>\n<meta property=\"og:site_name\" content=\"Nicolas assistance informatique\" \/>\n<meta property=\"article:publisher\" content=\"https:\/\/www.facebook.com\/nicolas.assistance.informatique\" \/>\n<meta property=\"article:modified_time\" content=\"2024-08-22T12:11:06+00:00\" \/>\n<meta property=\"og:image\" content=\"http:\/\/www.nicolas-informatique.com\/wp-content\/uploads\/2019\/04\/4.jpg\" \/>\n\t<meta property=\"og:image:width\" content=\"5616\" \/>\n\t<meta property=\"og:image:height\" content=\"3744\" \/>\n<meta name=\"twitter:card\" content=\"summary_large_image\" \/>\n<meta name=\"twitter:label1\" content=\"Dur\u00e9e de lecture est.\" \/>\n\t<meta name=\"twitter:data1\" content=\"1 minute\" \/>\n<script type=\"application\/ld+json\" class=\"yoast-schema-graph\">{\"@context\":\"https:\/\/schema.org\",\"@graph\":[{\"@type\":\"Organization\",\"@id\":\"https:\/\/www.nicolas-informatique.com\/#organization\",\"name\":\"Nicolas Assistance Informatique\",\"url\":\"https:\/\/www.nicolas-informatique.com\/\",\"sameAs\":[\"https:\/\/www.facebook.com\/nicolas.assistance.informatique\"],\"logo\":{\"@type\":\"ImageObject\",\"@id\":\"https:\/\/www.nicolas-informatique.com\/#logo\",\"inLanguage\":\"fr-FR\",\"url\":\"http:\/\/www.nicolas-informatique.com\/wp-content\/uploads\/2021\/06\/nicolas-assistance-informatique.jpg\",\"contentUrl\":\"http:\/\/www.nicolas-informatique.com\/wp-content\/uploads\/2021\/06\/nicolas-assistance-informatique.jpg\",\"width\":803,\"height\":613,\"caption\":\"Nicolas Assistance Informatique\"},\"image\":{\"@id\":\"https:\/\/www.nicolas-informatique.com\/#logo\"}},{\"@type\":\"WebSite\",\"@id\":\"https:\/\/www.nicolas-informatique.com\/#website\",\"url\":\"https:\/\/www.nicolas-informatique.com\/\",\"name\":\"Nicolas assistance informatique\",\"description\":\"Assistance informatique et internet \\u00e0 domicile \/ Bayeux - Tel : 06 29 37 87 16\",\"publisher\":{\"@id\":\"https:\/\/www.nicolas-informatique.com\/#organization\"},\"potentialAction\":[{\"@type\":\"SearchAction\",\"target\":\"https:\/\/www.nicolas-informatique.com\/?s={search_term_string}\",\"query-input\":\"required name=search_term_string\"}],\"inLanguage\":\"fr-FR\"},{\"@type\":\"ImageObject\",\"@id\":\"https:\/\/www.nicolas-informatique.com\/#primaryimage\",\"inLanguage\":\"fr-FR\",\"url\":\"https:\/\/www.nicolas-informatique.com\/wp-content\/uploads\/2019\/04\/4.jpg\",\"contentUrl\":\"https:\/\/www.nicolas-informatique.com\/wp-content\/uploads\/2019\/04\/4.jpg\",\"width\":5616,\"height\":3744},{\"@type\":\"WebPage\",\"@id\":\"https:\/\/www.nicolas-informatique.com\/#webpage\",\"url\":\"https:\/\/www.nicolas-informatique.com\/\",\"name\":\"Informatique \\u00e0 domicile &gt; Nicolas assistance informatique\",\"isPartOf\":{\"@id\":\"https:\/\/www.nicolas-informatique.com\/#website\"},\"primaryImageOfPage\":{\"@id\":\"https:\/\/www.nicolas-informatique.com\/#primaryimage\"},\"datePublished\":\"2019-04-01T12:47:18+00:00\",\"dateModified\":\"2024-08-22T12:11:06+00:00\",\"description\":\"Assistance informatique et internet \\u00e0 domicile Bayeux. Service \\u00e0 la personne. D\\u00e9pannage informatique \\u00e0 domicile.\",\"breadcrumb\":{\"@id\":\"https:\/\/www.nicolas-informatique.com\/#breadcrumb\"},\"inLanguage\":\"fr-FR\",\"potentialAction\":[{\"@type\":\"ReadAction\",\"target\":[\"https:\/\/www.nicolas-informatique.com\/\"]}]},{\"@type\":\"BreadcrumbList\",\"@id\":\"https:\/\/www.nicolas-informatique.com\/#breadcrumb\",\"itemListElement\":[{\"@type\":\"ListItem\",\"position\":1,\"name\":\"Accueil\",\"item\":\"https:\/\/www.nicolas-informatique.com\/\"},{\"@type\":\"ListItem\",\"position\":2,\"name\":\"Informatique \\u00e0 domicile\"}]}]}<\/script>\n<!-- \/ Yoast SEO plugin. -->","_links":{"self":[{"href":"https:\/\/www.nicolas-informatique.com\/index.php\/wp-json\/wp\/v2\/pages\/69"}],"collection":[{"href":"https:\/\/www.nicolas-informatique.com\/index.php\/wp-json\/wp\/v2\/pages"}],"about":[{"href":"https:\/\/www.nicolas-informatique.com\/index.php\/wp-json\/wp\/v2\/types\/page"}],"author":[{"embeddable":true,"href":"https:\/\/www.nicolas-informatique.com\/index.php\/wp-json\/wp\/v2\/users\/1"}],"replies":[{"embeddable":true,"href":"https:\/\/www.nicolas-informatique.com\/index.php\/wp-json\/wp\/v2\/comments?post=69"}],"version-history":[{"count":18,"href":"https:\/\/www.nicolas-informatique.com\/index.php\/wp-json\/wp\/v2\/pages\/69\/revisions"}],"predecessor-version":[{"id":347,"href":"https:\/\/www.nicolas-informatique.com\/index.php\/wp-json\/wp\/v2\/pages\/69\/revisions\/347"}],"wp:featuredmedia":[{"embeddable":true,"href":"https:\/\/www.nicolas-informatique.com\/index.php\/wp-json\/wp\/v2\/media\/99"}],"wp:attachment":[{"href":"https:\/\/www.nicolas-informatique.com\/index.php\/wp-json\/wp\/v2\/media?parent=69"}],"curies":[{"name":"wp","href":"https:\/\/api.w.org\/{rel}","templated":true}]}}