{"id":54,"date":"2019-03-29T17:30:40","date_gmt":"2019-03-29T16:30:40","guid":{"rendered":"http:\/\/nicolas-informatique.com\/?page_id=54"},"modified":"2025-05-13T16:16:16","modified_gmt":"2025-05-13T14:16:16","slug":"assistance-informatique-a-domicile","status":"publish","type":"page","link":"https:\/\/www.nicolas-informatique.com\/index.php\/assistance-informatique-a-domicile\/","title":{"rendered":"Assistance informatique"},"content":{"rendered":"\n<p>Depuis 2012, <strong>Nicolas Assistance Informatique <\/strong>vous propose des interventions ou des <strong>d\u00e9pannages informatiques<\/strong> concernant l&rsquo;assistance de votre <strong>mat\u00e9riel informatique<\/strong> (ordinateur, PC, tablette, imprimante, wifi, box) et<strong> internet \u00e0 votre domicile<\/strong>. <br>Service r\u00e9serv\u00e9 aux particuliers. <\/p>\n\n\n\n<p>\u2013 <strong>Assistance informatique<\/strong> \u00e0 domicile<br>\u2013 <strong>Assistance internet<\/strong> \u00e0 domicile<br>\u2013 <strong>Conseils pour le choix de votre mat\u00e9riel <\/strong>en fonction de vos besoins (conseils pour l\u2019ordinateur, pc, tablette, smartphone ou imprimante\u2026) et <strong>installation compl\u00e8te<\/strong><br>\u2013 <strong>Installation d&rsquo;imprimante en wifi<\/strong><br>\u2013 <strong>D\u00e9sinfection de virus<\/strong><br>\u2013 <strong>Nettoyage et optimisation<\/strong><br>\u2013 <strong>Installation de logiciel et mat\u00e9riel<\/strong><br>\u2013 <strong>Sauvegarde et r\u00e9cup\u00e9ration de vos donn\u00e9es<\/strong><\/p>\n\n\n\n<p>Auto-entrepreneur, je vous propose d&rsquo;intervenir pour les cas suivants. <\/p>\n\n\n\n<p><strong>Autres exemples d&rsquo;interventions \/ d\u00e9pannages informatiques : <\/strong><br> \u2022    Vous avez achet\u00e9 un ordinateur et souhaitez \u00eatre accompagn\u00e9 dans sa mise en route ? (Windows 10 \/ Windows 11)<br>  \u2022   Vous avez des questions sur le nouveau syst\u00e8me d&rsquo;exploitation de Microsoft, Windows 11 ?<br> \u2022    Vous avez des difficult\u00e9s pour faire fonctionner votre ordinateur ou un p\u00e9riph\u00e9rique ?<br> \u2022    Vous avez \u00e9t\u00e9 victime d&rsquo;un virus ou d&rsquo;un piratage ?<br> \u2022    Vous avez des probl\u00e8mes avec votre ordinateur (ordinateur lent, panne) ?<br> \u2022    Vous allez recevoir votre box internet et ne savez pas l&rsquo;installer ?<br> \u2022    Vous souhaitez installer votre imprimante en wi-fi ?<br> \u2022    Vous \u00eates perdu dans l&rsquo;installation et le param\u00e9trage de votre tablette ?<br> \u2022    Vous souhaitez r\u00e9cup\u00e9rer des donn\u00e9es d&rsquo;un disque dur ? <br> \u2022    Vous n&rsquo;arrivez pas \u00e0 bien utiliser Windows 10 \/ Windows 11?<br> \u2022    Vous avez besoin d\u2019assistance pour classer vos photos ?<br> \u2022    Vous avez des difficult\u00e9s avec les mails et les pi\u00e8ces jointes ?<\/p>\n\n\n\n<p><\/p>\n","protected":false},"excerpt":{"rendered":"<p>Depuis 2012, Nicolas Assistance Informatique vous propose des interventions ou des d\u00e9pannages informatiques concernant l&rsquo;assistance de votre mat\u00e9riel informatique (ordinateur, PC, tablette, imprimante, wifi, box) et internet \u00e0 votre domicile. Service r\u00e9serv\u00e9 aux particuliers. \u2013 Assistance informatique \u00e0 domicile\u2013 Assistance internet \u00e0 domicile\u2013 Conseils pour le choix de votre mat\u00e9riel en fonction de vos besoins &hellip; <\/p>\n<p class=\"link-more\"><a href=\"https:\/\/www.nicolas-informatique.com\/index.php\/assistance-informatique-a-domicile\/\" class=\"more-link\">Continuer la lecture<span class=\"screen-reader-text\"> de &laquo;&nbsp;Assistance informatique&nbsp;&raquo;<\/span><\/a><\/p>\n","protected":false},"author":1,"featured_media":100,"parent":0,"menu_order":0,"comment_status":"closed","ping_status":"closed","template":"","meta":[],"yoast_head":"<!-- This site is optimized with the Yoast SEO plugin v16.5 - https:\/\/yoast.com\/wordpress\/plugins\/seo\/ -->\n<title>Assistance informatique &gt; Nicolas assistance informatique<\/title>\n<meta name=\"description\" content=\"Assistance informatique et internet \u00e0 domicile sur Bayeux, Aunay sur Odon. Service \u00e0 la personne. D\u00e9pannage informatique \u00e0 domicile.\" \/>\n<meta name=\"robots\" content=\"index, follow, max-snippet:-1, max-image-preview:large, max-video-preview:-1\" \/>\n<link rel=\"canonical\" href=\"https:\/\/www.nicolas-informatique.com\/index.php\/assistance-informatique-a-domicile\/\" \/>\n<meta property=\"og:locale\" content=\"fr_FR\" \/>\n<meta property=\"og:type\" content=\"article\" \/>\n<meta property=\"og:title\" content=\"Assistance informatique &gt; Nicolas assistance informatique\" \/>\n<meta property=\"og:description\" content=\"Assistance informatique et internet \u00e0 domicile sur Bayeux, Aunay sur Odon. Service \u00e0 la personne. D\u00e9pannage informatique \u00e0 domicile.\" \/>\n<meta property=\"og:url\" content=\"https:\/\/www.nicolas-informatique.com\/index.php\/assistance-informatique-a-domicile\/\" \/>\n<meta property=\"og:site_name\" content=\"Nicolas assistance informatique\" \/>\n<meta property=\"article:publisher\" content=\"https:\/\/www.facebook.com\/nicolas.assistance.informatique\" \/>\n<meta property=\"article:modified_time\" content=\"2025-05-13T14:16:16+00:00\" \/>\n<meta property=\"og:image\" content=\"http:\/\/www.nicolas-informatique.com\/wp-content\/uploads\/2019\/04\/5.jpg\" \/>\n\t<meta property=\"og:image:width\" content=\"5616\" \/>\n\t<meta property=\"og:image:height\" content=\"3744\" \/>\n<meta name=\"twitter:card\" content=\"summary_large_image\" \/>\n<meta name=\"twitter:label1\" content=\"Dur\u00e9e de lecture est.\" \/>\n\t<meta name=\"twitter:data1\" content=\"2 minutes\" \/>\n<script type=\"application\/ld+json\" class=\"yoast-schema-graph\">{\"@context\":\"https:\/\/schema.org\",\"@graph\":[{\"@type\":\"Organization\",\"@id\":\"https:\/\/www.nicolas-informatique.com\/#organization\",\"name\":\"Nicolas Assistance Informatique\",\"url\":\"https:\/\/www.nicolas-informatique.com\/\",\"sameAs\":[\"https:\/\/www.facebook.com\/nicolas.assistance.informatique\"],\"logo\":{\"@type\":\"ImageObject\",\"@id\":\"https:\/\/www.nicolas-informatique.com\/#logo\",\"inLanguage\":\"fr-FR\",\"url\":\"http:\/\/www.nicolas-informatique.com\/wp-content\/uploads\/2021\/06\/nicolas-assistance-informatique.jpg\",\"contentUrl\":\"http:\/\/www.nicolas-informatique.com\/wp-content\/uploads\/2021\/06\/nicolas-assistance-informatique.jpg\",\"width\":803,\"height\":613,\"caption\":\"Nicolas Assistance Informatique\"},\"image\":{\"@id\":\"https:\/\/www.nicolas-informatique.com\/#logo\"}},{\"@type\":\"WebSite\",\"@id\":\"https:\/\/www.nicolas-informatique.com\/#website\",\"url\":\"https:\/\/www.nicolas-informatique.com\/\",\"name\":\"Nicolas assistance informatique\",\"description\":\"Assistance informatique et internet \\u00e0 domicile \/ Bayeux - Tel : 06 29 37 87 16\",\"publisher\":{\"@id\":\"https:\/\/www.nicolas-informatique.com\/#organization\"},\"potentialAction\":[{\"@type\":\"SearchAction\",\"target\":\"https:\/\/www.nicolas-informatique.com\/?s={search_term_string}\",\"query-input\":\"required name=search_term_string\"}],\"inLanguage\":\"fr-FR\"},{\"@type\":\"ImageObject\",\"@id\":\"https:\/\/www.nicolas-informatique.com\/index.php\/assistance-informatique-a-domicile\/#primaryimage\",\"inLanguage\":\"fr-FR\",\"url\":\"https:\/\/www.nicolas-informatique.com\/wp-content\/uploads\/2019\/04\/5.jpg\",\"contentUrl\":\"https:\/\/www.nicolas-informatique.com\/wp-content\/uploads\/2019\/04\/5.jpg\",\"width\":5616,\"height\":3744},{\"@type\":\"WebPage\",\"@id\":\"https:\/\/www.nicolas-informatique.com\/index.php\/assistance-informatique-a-domicile\/#webpage\",\"url\":\"https:\/\/www.nicolas-informatique.com\/index.php\/assistance-informatique-a-domicile\/\",\"name\":\"Assistance informatique &gt; Nicolas assistance informatique\",\"isPartOf\":{\"@id\":\"https:\/\/www.nicolas-informatique.com\/#website\"},\"primaryImageOfPage\":{\"@id\":\"https:\/\/www.nicolas-informatique.com\/index.php\/assistance-informatique-a-domicile\/#primaryimage\"},\"datePublished\":\"2019-03-29T16:30:40+00:00\",\"dateModified\":\"2025-05-13T14:16:16+00:00\",\"description\":\"Assistance informatique et internet \\u00e0 domicile sur Bayeux, Aunay sur Odon. Service \\u00e0 la personne. D\\u00e9pannage informatique \\u00e0 domicile.\",\"breadcrumb\":{\"@id\":\"https:\/\/www.nicolas-informatique.com\/index.php\/assistance-informatique-a-domicile\/#breadcrumb\"},\"inLanguage\":\"fr-FR\",\"potentialAction\":[{\"@type\":\"ReadAction\",\"target\":[\"https:\/\/www.nicolas-informatique.com\/index.php\/assistance-informatique-a-domicile\/\"]}]},{\"@type\":\"BreadcrumbList\",\"@id\":\"https:\/\/www.nicolas-informatique.com\/index.php\/assistance-informatique-a-domicile\/#breadcrumb\",\"itemListElement\":[{\"@type\":\"ListItem\",\"position\":1,\"name\":\"Accueil\",\"item\":\"https:\/\/www.nicolas-informatique.com\/\"},{\"@type\":\"ListItem\",\"position\":2,\"name\":\"Assistance informatique\"}]}]}<\/script>\n<!-- \/ Yoast SEO plugin. -->","_links":{"self":[{"href":"https:\/\/www.nicolas-informatique.com\/index.php\/wp-json\/wp\/v2\/pages\/54"}],"collection":[{"href":"https:\/\/www.nicolas-informatique.com\/index.php\/wp-json\/wp\/v2\/pages"}],"about":[{"href":"https:\/\/www.nicolas-informatique.com\/index.php\/wp-json\/wp\/v2\/types\/page"}],"author":[{"embeddable":true,"href":"https:\/\/www.nicolas-informatique.com\/index.php\/wp-json\/wp\/v2\/users\/1"}],"replies":[{"embeddable":true,"href":"https:\/\/www.nicolas-informatique.com\/index.php\/wp-json\/wp\/v2\/comments?post=54"}],"version-history":[{"count":9,"href":"https:\/\/www.nicolas-informatique.com\/index.php\/wp-json\/wp\/v2\/pages\/54\/revisions"}],"predecessor-version":[{"id":316,"href":"https:\/\/www.nicolas-informatique.com\/index.php\/wp-json\/wp\/v2\/pages\/54\/revisions\/316"}],"wp:featuredmedia":[{"embeddable":true,"href":"https:\/\/www.nicolas-informatique.com\/index.php\/wp-json\/wp\/v2\/media\/100"}],"wp:attachment":[{"href":"https:\/\/www.nicolas-informatique.com\/index.php\/wp-json\/wp\/v2\/media?parent=54"}],"curies":[{"name":"wp","href":"https:\/\/api.w.org\/{rel}","templated":true}]}}