{"id":44,"date":"2019-03-29T17:18:12","date_gmt":"2019-03-29T16:18:12","guid":{"rendered":"http:\/\/nicolas-informatique.com\/?page_id=44"},"modified":"2025-05-13T16:17:33","modified_gmt":"2025-05-13T14:17:33","slug":"bayeux-aunay-sur-odon-informatique","status":"publish","type":"page","link":"https:\/\/www.nicolas-informatique.com\/index.php\/bayeux-aunay-sur-odon-informatique\/","title":{"rendered":"O\u00f9 et comment ?"},"content":{"rendered":"\n<p><strong>O\u00f9 ? <\/strong><br> \u2022    Uniquement <strong>\u00e0 votre domicile <\/strong><br> \u2022    Secteurs d&rsquo;assistance informatique \u00e0 domicile (Calvados, Basse-Normandie) :<br> o   <strong><a href=\"http:\/\/www.nicolas-informatique.com\/index.php\/bayeux\/\">Bayeux et alentours<\/a><\/strong>, <a href=\"http:\/\/www.nicolas-informatique.com\/index.php\/aunay-sur-odon\/\">Aunay sur Odon<\/a>, <a href=\"http:\/\/www.nicolas-informatique.com\/index.php\/villers-bocage\/\">Villers Bocage<\/a><\/p>\n\n\n\n<p><strong>Quand ? Comment ? <\/strong><br> o    Sur <strong>RDV<\/strong>, principalement en soir\u00e9e<br> o    Prise de <strong>RDV <\/strong>par t\u00e9l\u00e9phone au <strong>06 29 37 87 16<\/strong><\/p>\n","protected":false},"excerpt":{"rendered":"<p>O\u00f9 ? \u2022 Uniquement \u00e0 votre domicile \u2022 Secteurs d&rsquo;assistance informatique \u00e0 domicile (Calvados, Basse-Normandie) : o Bayeux et alentours, Aunay sur Odon, Villers Bocage Quand ? Comment ? o Sur RDV, principalement en soir\u00e9e o Prise de RDV par t\u00e9l\u00e9phone au 06 29 37 87 16<\/p>\n","protected":false},"author":1,"featured_media":0,"parent":0,"menu_order":0,"comment_status":"closed","ping_status":"closed","template":"","meta":[],"yoast_head":"<!-- This site is optimized with the Yoast SEO plugin v16.5 - https:\/\/yoast.com\/wordpress\/plugins\/seo\/ -->\n<title>O\u00f9 et comment ? &gt; Nicolas assistance informatique<\/title>\n<meta name=\"description\" content=\"Assistance informatique et internet \u00e0 domicile, r\u00e9gion de Bayeux, Aunay sur Odon\" \/>\n<meta name=\"robots\" content=\"index, follow, max-snippet:-1, max-image-preview:large, max-video-preview:-1\" \/>\n<link rel=\"canonical\" href=\"https:\/\/www.nicolas-informatique.com\/index.php\/bayeux-aunay-sur-odon-informatique\/\" \/>\n<meta property=\"og:locale\" content=\"fr_FR\" \/>\n<meta property=\"og:type\" content=\"article\" \/>\n<meta property=\"og:title\" content=\"O\u00f9 et comment ? &gt; Nicolas assistance informatique\" \/>\n<meta property=\"og:description\" content=\"Assistance informatique et internet \u00e0 domicile, r\u00e9gion de Bayeux, Aunay sur Odon\" \/>\n<meta property=\"og:url\" content=\"https:\/\/www.nicolas-informatique.com\/index.php\/bayeux-aunay-sur-odon-informatique\/\" \/>\n<meta property=\"og:site_name\" content=\"Nicolas assistance informatique\" \/>\n<meta property=\"article:publisher\" content=\"https:\/\/www.facebook.com\/nicolas.assistance.informatique\" \/>\n<meta property=\"article:modified_time\" content=\"2025-05-13T14:17:33+00:00\" \/>\n<meta name=\"twitter:card\" content=\"summary_large_image\" \/>\n<meta name=\"twitter:label1\" content=\"Dur\u00e9e de lecture est.\" \/>\n\t<meta name=\"twitter:data1\" content=\"1 minute\" \/>\n<script type=\"application\/ld+json\" class=\"yoast-schema-graph\">{\"@context\":\"https:\/\/schema.org\",\"@graph\":[{\"@type\":\"Organization\",\"@id\":\"https:\/\/www.nicolas-informatique.com\/#organization\",\"name\":\"Nicolas Assistance Informatique\",\"url\":\"https:\/\/www.nicolas-informatique.com\/\",\"sameAs\":[\"https:\/\/www.facebook.com\/nicolas.assistance.informatique\"],\"logo\":{\"@type\":\"ImageObject\",\"@id\":\"https:\/\/www.nicolas-informatique.com\/#logo\",\"inLanguage\":\"fr-FR\",\"url\":\"http:\/\/www.nicolas-informatique.com\/wp-content\/uploads\/2021\/06\/nicolas-assistance-informatique.jpg\",\"contentUrl\":\"http:\/\/www.nicolas-informatique.com\/wp-content\/uploads\/2021\/06\/nicolas-assistance-informatique.jpg\",\"width\":803,\"height\":613,\"caption\":\"Nicolas Assistance Informatique\"},\"image\":{\"@id\":\"https:\/\/www.nicolas-informatique.com\/#logo\"}},{\"@type\":\"WebSite\",\"@id\":\"https:\/\/www.nicolas-informatique.com\/#website\",\"url\":\"https:\/\/www.nicolas-informatique.com\/\",\"name\":\"Nicolas assistance informatique\",\"description\":\"Assistance informatique et internet \\u00e0 domicile \/ Bayeux - Tel : 06 29 37 87 16\",\"publisher\":{\"@id\":\"https:\/\/www.nicolas-informatique.com\/#organization\"},\"potentialAction\":[{\"@type\":\"SearchAction\",\"target\":\"https:\/\/www.nicolas-informatique.com\/?s={search_term_string}\",\"query-input\":\"required name=search_term_string\"}],\"inLanguage\":\"fr-FR\"},{\"@type\":\"WebPage\",\"@id\":\"https:\/\/www.nicolas-informatique.com\/index.php\/bayeux-aunay-sur-odon-informatique\/#webpage\",\"url\":\"https:\/\/www.nicolas-informatique.com\/index.php\/bayeux-aunay-sur-odon-informatique\/\",\"name\":\"O\\u00f9 et comment ? &gt; Nicolas assistance informatique\",\"isPartOf\":{\"@id\":\"https:\/\/www.nicolas-informatique.com\/#website\"},\"datePublished\":\"2019-03-29T16:18:12+00:00\",\"dateModified\":\"2025-05-13T14:17:33+00:00\",\"description\":\"Assistance informatique et internet \\u00e0 domicile, r\\u00e9gion de Bayeux, Aunay sur Odon\",\"breadcrumb\":{\"@id\":\"https:\/\/www.nicolas-informatique.com\/index.php\/bayeux-aunay-sur-odon-informatique\/#breadcrumb\"},\"inLanguage\":\"fr-FR\",\"potentialAction\":[{\"@type\":\"ReadAction\",\"target\":[\"https:\/\/www.nicolas-informatique.com\/index.php\/bayeux-aunay-sur-odon-informatique\/\"]}]},{\"@type\":\"BreadcrumbList\",\"@id\":\"https:\/\/www.nicolas-informatique.com\/index.php\/bayeux-aunay-sur-odon-informatique\/#breadcrumb\",\"itemListElement\":[{\"@type\":\"ListItem\",\"position\":1,\"name\":\"Accueil\",\"item\":\"https:\/\/www.nicolas-informatique.com\/\"},{\"@type\":\"ListItem\",\"position\":2,\"name\":\"O\\u00f9 et comment ?\"}]}]}<\/script>\n<!-- \/ Yoast SEO plugin. -->","_links":{"self":[{"href":"https:\/\/www.nicolas-informatique.com\/index.php\/wp-json\/wp\/v2\/pages\/44"}],"collection":[{"href":"https:\/\/www.nicolas-informatique.com\/index.php\/wp-json\/wp\/v2\/pages"}],"about":[{"href":"https:\/\/www.nicolas-informatique.com\/index.php\/wp-json\/wp\/v2\/types\/page"}],"author":[{"embeddable":true,"href":"https:\/\/www.nicolas-informatique.com\/index.php\/wp-json\/wp\/v2\/users\/1"}],"replies":[{"embeddable":true,"href":"https:\/\/www.nicolas-informatique.com\/index.php\/wp-json\/wp\/v2\/comments?post=44"}],"version-history":[{"count":9,"href":"https:\/\/www.nicolas-informatique.com\/index.php\/wp-json\/wp\/v2\/pages\/44\/revisions"}],"predecessor-version":[{"id":345,"href":"https:\/\/www.nicolas-informatique.com\/index.php\/wp-json\/wp\/v2\/pages\/44\/revisions\/345"}],"wp:attachment":[{"href":"https:\/\/www.nicolas-informatique.com\/index.php\/wp-json\/wp\/v2\/media?parent=44"}],"curies":[{"name":"wp","href":"https:\/\/api.w.org\/{rel}","templated":true}]}}