{"id":33,"date":"2019-03-29T17:03:17","date_gmt":"2019-03-29T16:03:17","guid":{"rendered":"http:\/\/nicolas-informatique.com\/?page_id=33"},"modified":"2021-06-22T15:04:07","modified_gmt":"2021-06-22T13:04:07","slug":"mentions-legales","status":"publish","type":"page","link":"https:\/\/www.nicolas-informatique.com\/index.php\/mentions-legales\/","title":{"rendered":"Mentions l\u00e9gales"},"content":{"rendered":"\n<p>Nicolas Assistance Informatique<br>Auto-entrepreneur (Nicolas Etienne)<br>SIRET : 537 660 672 00016<\/p>\n","protected":false},"excerpt":{"rendered":"<p>Nicolas Assistance InformatiqueAuto-entrepreneur (Nicolas Etienne)SIRET : 537 660 672 00016<\/p>\n","protected":false},"author":1,"featured_media":0,"parent":0,"menu_order":0,"comment_status":"closed","ping_status":"closed","template":"","meta":[],"yoast_head":"<!-- This site is optimized with the Yoast SEO plugin v16.5 - https:\/\/yoast.com\/wordpress\/plugins\/seo\/ -->\n<title>Mentions l\u00e9gales &gt; Nicolas assistance informatique<\/title>\n<meta name=\"description\" content=\"Assistance informatique et internet \u00e0 domicile sur Thury-Harcourt, Le Hom, Bayeux. Service \u00e0 la personne. D\u00e9pannage informatique \u00e0 domicile.\" \/>\n<meta name=\"robots\" content=\"index, follow, max-snippet:-1, max-image-preview:large, max-video-preview:-1\" \/>\n<link rel=\"canonical\" href=\"https:\/\/www.nicolas-informatique.com\/index.php\/mentions-legales\/\" \/>\n<meta property=\"og:locale\" content=\"fr_FR\" \/>\n<meta property=\"og:type\" content=\"article\" \/>\n<meta property=\"og:title\" content=\"Mentions l\u00e9gales &gt; Nicolas assistance informatique\" \/>\n<meta property=\"og:description\" content=\"Assistance informatique et internet \u00e0 domicile sur Thury-Harcourt, Le Hom, Bayeux. Service \u00e0 la personne. D\u00e9pannage informatique \u00e0 domicile.\" \/>\n<meta property=\"og:url\" content=\"https:\/\/www.nicolas-informatique.com\/index.php\/mentions-legales\/\" \/>\n<meta property=\"og:site_name\" content=\"Nicolas assistance informatique\" \/>\n<meta property=\"article:publisher\" content=\"https:\/\/www.facebook.com\/nicolas.assistance.informatique\" \/>\n<meta property=\"article:modified_time\" content=\"2021-06-22T13:04:07+00:00\" \/>\n<meta name=\"twitter:card\" content=\"summary_large_image\" \/>\n<meta name=\"twitter:label1\" content=\"Dur\u00e9e de lecture est.\" \/>\n\t<meta name=\"twitter:data1\" content=\"1 minute\" \/>\n<script type=\"application\/ld+json\" class=\"yoast-schema-graph\">{\"@context\":\"https:\/\/schema.org\",\"@graph\":[{\"@type\":\"Organization\",\"@id\":\"https:\/\/www.nicolas-informatique.com\/#organization\",\"name\":\"Nicolas Assistance Informatique\",\"url\":\"https:\/\/www.nicolas-informatique.com\/\",\"sameAs\":[\"https:\/\/www.facebook.com\/nicolas.assistance.informatique\"],\"logo\":{\"@type\":\"ImageObject\",\"@id\":\"https:\/\/www.nicolas-informatique.com\/#logo\",\"inLanguage\":\"fr-FR\",\"url\":\"http:\/\/www.nicolas-informatique.com\/wp-content\/uploads\/2021\/06\/nicolas-assistance-informatique.jpg\",\"contentUrl\":\"http:\/\/www.nicolas-informatique.com\/wp-content\/uploads\/2021\/06\/nicolas-assistance-informatique.jpg\",\"width\":803,\"height\":613,\"caption\":\"Nicolas Assistance Informatique\"},\"image\":{\"@id\":\"https:\/\/www.nicolas-informatique.com\/#logo\"}},{\"@type\":\"WebSite\",\"@id\":\"https:\/\/www.nicolas-informatique.com\/#website\",\"url\":\"https:\/\/www.nicolas-informatique.com\/\",\"name\":\"Nicolas assistance informatique\",\"description\":\"Assistance informatique et internet \\u00e0 domicile \/ Bayeux - Tel : 06 29 37 87 16\",\"publisher\":{\"@id\":\"https:\/\/www.nicolas-informatique.com\/#organization\"},\"potentialAction\":[{\"@type\":\"SearchAction\",\"target\":\"https:\/\/www.nicolas-informatique.com\/?s={search_term_string}\",\"query-input\":\"required name=search_term_string\"}],\"inLanguage\":\"fr-FR\"},{\"@type\":\"WebPage\",\"@id\":\"https:\/\/www.nicolas-informatique.com\/index.php\/mentions-legales\/#webpage\",\"url\":\"https:\/\/www.nicolas-informatique.com\/index.php\/mentions-legales\/\",\"name\":\"Mentions l\\u00e9gales &gt; Nicolas assistance informatique\",\"isPartOf\":{\"@id\":\"https:\/\/www.nicolas-informatique.com\/#website\"},\"datePublished\":\"2019-03-29T16:03:17+00:00\",\"dateModified\":\"2021-06-22T13:04:07+00:00\",\"description\":\"Assistance informatique et internet \\u00e0 domicile sur Thury-Harcourt, Le Hom, Bayeux. Service \\u00e0 la personne. D\\u00e9pannage informatique \\u00e0 domicile.\",\"breadcrumb\":{\"@id\":\"https:\/\/www.nicolas-informatique.com\/index.php\/mentions-legales\/#breadcrumb\"},\"inLanguage\":\"fr-FR\",\"potentialAction\":[{\"@type\":\"ReadAction\",\"target\":[\"https:\/\/www.nicolas-informatique.com\/index.php\/mentions-legales\/\"]}]},{\"@type\":\"BreadcrumbList\",\"@id\":\"https:\/\/www.nicolas-informatique.com\/index.php\/mentions-legales\/#breadcrumb\",\"itemListElement\":[{\"@type\":\"ListItem\",\"position\":1,\"name\":\"Accueil\",\"item\":\"https:\/\/www.nicolas-informatique.com\/\"},{\"@type\":\"ListItem\",\"position\":2,\"name\":\"Mentions l\\u00e9gales\"}]}]}<\/script>\n<!-- \/ Yoast SEO plugin. -->","_links":{"self":[{"href":"https:\/\/www.nicolas-informatique.com\/index.php\/wp-json\/wp\/v2\/pages\/33"}],"collection":[{"href":"https:\/\/www.nicolas-informatique.com\/index.php\/wp-json\/wp\/v2\/pages"}],"about":[{"href":"https:\/\/www.nicolas-informatique.com\/index.php\/wp-json\/wp\/v2\/types\/page"}],"author":[{"embeddable":true,"href":"https:\/\/www.nicolas-informatique.com\/index.php\/wp-json\/wp\/v2\/users\/1"}],"replies":[{"embeddable":true,"href":"https:\/\/www.nicolas-informatique.com\/index.php\/wp-json\/wp\/v2\/comments?post=33"}],"version-history":[{"count":2,"href":"https:\/\/www.nicolas-informatique.com\/index.php\/wp-json\/wp\/v2\/pages\/33\/revisions"}],"predecessor-version":[{"id":47,"href":"https:\/\/www.nicolas-informatique.com\/index.php\/wp-json\/wp\/v2\/pages\/33\/revisions\/47"}],"wp:attachment":[{"href":"https:\/\/www.nicolas-informatique.com\/index.php\/wp-json\/wp\/v2\/media?parent=33"}],"curies":[{"name":"wp","href":"https:\/\/api.w.org\/{rel}","templated":true}]}}