{"id":255,"date":"2022-04-19T15:45:37","date_gmt":"2022-04-19T13:45:37","guid":{"rendered":"https:\/\/www.nicolas-informatique.com\/?page_id=255"},"modified":"2022-04-19T15:52:57","modified_gmt":"2022-04-19T13:52:57","slug":"longues-sur-mer","status":"publish","type":"page","link":"https:\/\/www.nicolas-informatique.com\/index.php\/longues-sur-mer\/","title":{"rendered":"D\u00e9pannage informatique \u00e0 Longues-sur-mer"},"content":{"rendered":"\n<p><strong>Nicolas Assistance Informatique<\/strong> se d\u00e9place uniquement \u00e0 votre domicile pour les secteurs de <strong>Bayeux<\/strong> (et alentours) et \u00e0 <strong>Longues-sur-mer.<\/strong> <\/p>\n\n\n\n<p>  \u2022    A votre domicile <br> \u2022    Secteurs d&rsquo;assistance informatique \/ <strong>d\u00e9pannage informatique \u00e0 <strong><strong><strong><strong><strong>Longues-sur-mer<\/strong><\/strong><\/strong><\/strong><\/strong><\/strong> (Calvados, Basse-Normandie)<\/p>\n\n\n\n<p><strong>Exemples d&rsquo;interventions \/ d\u00e9pannages informatiques \u00e0 <strong><strong><strong><strong>Longues-sur-mer<\/strong><\/strong><\/strong><\/strong><\/strong> <strong>: <\/strong><br> \u2022    Vous avez achet\u00e9 un ordinateur et souhaitez \u00eatre accompagn\u00e9 dans sa mise en route ? (Windows 10 \/ Windows 11)<br> \u2022    Vous avez des difficult\u00e9s pour faire fonctionner votre ordinateur ou un p\u00e9riph\u00e9rique ?<br> \u2022    Vous avez \u00e9t\u00e9 victime d&rsquo;un virus ou d&rsquo;un piratage ?<br> \u2022    Vous avez des probl\u00e8mes avec votre ordinateur (ordinateur lent, panne) ?<br> \u2022    Vous allez recevoir votre box internet et ne savez pas l&rsquo;installer ?<br> \u2022    Vous souhaitez installer votre imprimante en wi-fi ?<br> \u2022    Vous \u00eates perdu dans l&rsquo;installation et le param\u00e9trage de votre tablette ?<br> \u2022    Vous souhaitez r\u00e9cup\u00e9rer des donn\u00e9es d&rsquo;un disque dur ? <br> \u2022    Vous n&rsquo;arrivez pas \u00e0 bien utiliser Windows 8 \/ Windows 10 \/ Windows 11 ?<br> \u2022    Vous avez besoin d\u2019assistance pour classer vos photos ?<br> \u2022    Vous avez des difficult\u00e9s avec les mails et les pi\u00e8ces jointes ?  <\/p>\n","protected":false},"excerpt":{"rendered":"<p>Nicolas Assistance Informatique se d\u00e9place uniquement \u00e0 votre domicile pour les secteurs de Bayeux (et alentours) et \u00e0 Longues-sur-mer. \u2022 A votre domicile \u2022 Secteurs d&rsquo;assistance informatique \/ d\u00e9pannage informatique \u00e0 Longues-sur-mer (Calvados, Basse-Normandie) Exemples d&rsquo;interventions \/ d\u00e9pannages informatiques \u00e0 Longues-sur-mer : \u2022 Vous avez achet\u00e9 un ordinateur et souhaitez \u00eatre accompagn\u00e9 dans sa mise &hellip; <\/p>\n<p class=\"link-more\"><a href=\"https:\/\/www.nicolas-informatique.com\/index.php\/longues-sur-mer\/\" class=\"more-link\">Continuer la lecture<span class=\"screen-reader-text\"> de &laquo;&nbsp;D\u00e9pannage informatique \u00e0 Longues-sur-mer&nbsp;&raquo;<\/span><\/a><\/p>\n","protected":false},"author":1,"featured_media":0,"parent":0,"menu_order":0,"comment_status":"closed","ping_status":"closed","template":"","meta":[],"yoast_head":"<!-- This site is optimized with the Yoast SEO plugin v16.5 - https:\/\/yoast.com\/wordpress\/plugins\/seo\/ -->\n<title>D\u00e9pannage informatique \u00e0 Longues-sur-mer &gt; Nicolas assistance informatique<\/title>\n<meta name=\"description\" content=\"Assistance informatique et internet \u00e0 domicile sur Longues-sur-mer. Service \u00e0 la personne. D\u00e9pannage informatique \u00e0 domicile.\" \/>\n<meta name=\"robots\" content=\"index, follow, max-snippet:-1, max-image-preview:large, max-video-preview:-1\" \/>\n<link rel=\"canonical\" href=\"https:\/\/www.nicolas-informatique.com\/index.php\/longues-sur-mer\/\" \/>\n<meta property=\"og:locale\" content=\"fr_FR\" \/>\n<meta property=\"og:type\" content=\"article\" \/>\n<meta property=\"og:title\" content=\"D\u00e9pannage informatique \u00e0 Longues-sur-mer &gt; Nicolas assistance informatique\" \/>\n<meta property=\"og:description\" content=\"Assistance informatique et internet \u00e0 domicile sur Longues-sur-mer. Service \u00e0 la personne. D\u00e9pannage informatique \u00e0 domicile.\" \/>\n<meta property=\"og:url\" content=\"https:\/\/www.nicolas-informatique.com\/index.php\/longues-sur-mer\/\" \/>\n<meta property=\"og:site_name\" content=\"Nicolas assistance informatique\" \/>\n<meta property=\"article:publisher\" content=\"https:\/\/www.facebook.com\/nicolas.assistance.informatique\" \/>\n<meta property=\"article:modified_time\" content=\"2022-04-19T13:52:57+00:00\" \/>\n<meta name=\"twitter:card\" content=\"summary_large_image\" \/>\n<meta name=\"twitter:label1\" content=\"Dur\u00e9e de lecture est.\" \/>\n\t<meta name=\"twitter:data1\" content=\"1 minute\" \/>\n<script type=\"application\/ld+json\" class=\"yoast-schema-graph\">{\"@context\":\"https:\/\/schema.org\",\"@graph\":[{\"@type\":\"Organization\",\"@id\":\"https:\/\/www.nicolas-informatique.com\/#organization\",\"name\":\"Nicolas Assistance Informatique\",\"url\":\"https:\/\/www.nicolas-informatique.com\/\",\"sameAs\":[\"https:\/\/www.facebook.com\/nicolas.assistance.informatique\"],\"logo\":{\"@type\":\"ImageObject\",\"@id\":\"https:\/\/www.nicolas-informatique.com\/#logo\",\"inLanguage\":\"fr-FR\",\"url\":\"http:\/\/www.nicolas-informatique.com\/wp-content\/uploads\/2021\/06\/nicolas-assistance-informatique.jpg\",\"contentUrl\":\"http:\/\/www.nicolas-informatique.com\/wp-content\/uploads\/2021\/06\/nicolas-assistance-informatique.jpg\",\"width\":803,\"height\":613,\"caption\":\"Nicolas Assistance Informatique\"},\"image\":{\"@id\":\"https:\/\/www.nicolas-informatique.com\/#logo\"}},{\"@type\":\"WebSite\",\"@id\":\"https:\/\/www.nicolas-informatique.com\/#website\",\"url\":\"https:\/\/www.nicolas-informatique.com\/\",\"name\":\"Nicolas assistance informatique\",\"description\":\"Assistance informatique et internet \\u00e0 domicile \/ Bayeux - Tel : 06 29 37 87 16\",\"publisher\":{\"@id\":\"https:\/\/www.nicolas-informatique.com\/#organization\"},\"potentialAction\":[{\"@type\":\"SearchAction\",\"target\":\"https:\/\/www.nicolas-informatique.com\/?s={search_term_string}\",\"query-input\":\"required name=search_term_string\"}],\"inLanguage\":\"fr-FR\"},{\"@type\":\"WebPage\",\"@id\":\"https:\/\/www.nicolas-informatique.com\/index.php\/longues-sur-mer\/#webpage\",\"url\":\"https:\/\/www.nicolas-informatique.com\/index.php\/longues-sur-mer\/\",\"name\":\"D\\u00e9pannage informatique \\u00e0 Longues-sur-mer &gt; Nicolas assistance informatique\",\"isPartOf\":{\"@id\":\"https:\/\/www.nicolas-informatique.com\/#website\"},\"datePublished\":\"2022-04-19T13:45:37+00:00\",\"dateModified\":\"2022-04-19T13:52:57+00:00\",\"description\":\"Assistance informatique et internet \\u00e0 domicile sur Longues-sur-mer. Service \\u00e0 la personne. D\\u00e9pannage informatique \\u00e0 domicile.\",\"breadcrumb\":{\"@id\":\"https:\/\/www.nicolas-informatique.com\/index.php\/longues-sur-mer\/#breadcrumb\"},\"inLanguage\":\"fr-FR\",\"potentialAction\":[{\"@type\":\"ReadAction\",\"target\":[\"https:\/\/www.nicolas-informatique.com\/index.php\/longues-sur-mer\/\"]}]},{\"@type\":\"BreadcrumbList\",\"@id\":\"https:\/\/www.nicolas-informatique.com\/index.php\/longues-sur-mer\/#breadcrumb\",\"itemListElement\":[{\"@type\":\"ListItem\",\"position\":1,\"name\":\"Accueil\",\"item\":\"https:\/\/www.nicolas-informatique.com\/\"},{\"@type\":\"ListItem\",\"position\":2,\"name\":\"D\\u00e9pannage informatique \\u00e0 Longues-sur-mer\"}]}]}<\/script>\n<!-- \/ Yoast SEO plugin. -->","_links":{"self":[{"href":"https:\/\/www.nicolas-informatique.com\/index.php\/wp-json\/wp\/v2\/pages\/255"}],"collection":[{"href":"https:\/\/www.nicolas-informatique.com\/index.php\/wp-json\/wp\/v2\/pages"}],"about":[{"href":"https:\/\/www.nicolas-informatique.com\/index.php\/wp-json\/wp\/v2\/types\/page"}],"author":[{"embeddable":true,"href":"https:\/\/www.nicolas-informatique.com\/index.php\/wp-json\/wp\/v2\/users\/1"}],"replies":[{"embeddable":true,"href":"https:\/\/www.nicolas-informatique.com\/index.php\/wp-json\/wp\/v2\/comments?post=255"}],"version-history":[{"count":2,"href":"https:\/\/www.nicolas-informatique.com\/index.php\/wp-json\/wp\/v2\/pages\/255\/revisions"}],"predecessor-version":[{"id":265,"href":"https:\/\/www.nicolas-informatique.com\/index.php\/wp-json\/wp\/v2\/pages\/255\/revisions\/265"}],"wp:attachment":[{"href":"https:\/\/www.nicolas-informatique.com\/index.php\/wp-json\/wp\/v2\/media?parent=255"}],"curies":[{"name":"wp","href":"https:\/\/api.w.org\/{rel}","templated":true}]}}