{"id":10,"date":"2019-03-29T11:48:35","date_gmt":"2019-03-29T10:48:35","guid":{"rendered":"http:\/\/nicolas-informatique.com\/?page_id=10"},"modified":"2025-05-13T16:15:46","modified_gmt":"2025-05-13T14:15:46","slug":"contact","status":"publish","type":"page","link":"https:\/\/www.nicolas-informatique.com\/index.php\/contact\/","title":{"rendered":"Contact"},"content":{"rendered":"<p>Pour prendre <strong>rendez-vous<\/strong> ou pour tous <strong>renseignements<\/strong>, vous pouvez me contacter :<\/p>\n<p>Par <strong>t\u00e9l\u00e9phone<\/strong> au : 06 29 37 87 16<br>Par <strong>mail<\/strong> : contact@nicolas-informatique.com<\/p>\n<p><\/p>\n\n\n<\/p>\n<figure class=\"wp-block-image size-large is-resized\"><a href=\"https:\/\/www.facebook.com\/nicolas.assistance.informatique\" target=\"_blank\" rel=\"noopener\"><img loading=\"lazy\" class=\"wp-image-321\" src=\"http:\/\/www.nicolas-informatique.com\/wp-content\/uploads\/2023\/03\/800px-Facebook_logo.png\" alt=\"Facebook Nicolas Assistance Informatique\" width=\"39\" height=\"39\" srcset=\"https:\/\/www.nicolas-informatique.com\/wp-content\/uploads\/2023\/03\/800px-Facebook_logo.png 800w, https:\/\/www.nicolas-informatique.com\/wp-content\/uploads\/2023\/03\/800px-Facebook_logo-300x300.png 300w, https:\/\/www.nicolas-informatique.com\/wp-content\/uploads\/2023\/03\/800px-Facebook_logo-150x150.png 150w, https:\/\/www.nicolas-informatique.com\/wp-content\/uploads\/2023\/03\/800px-Facebook_logo-768x768.png 768w, https:\/\/www.nicolas-informatique.com\/wp-content\/uploads\/2023\/03\/800px-Facebook_logo-100x100.png 100w\" sizes=\"(max-width: 39px) 100vw, 39px\" \/><\/a>\n\n\n<p>Pour suivre mon actualit\u00e9 sur <a href=\"https:\/\/www.facebook.com\/nicolas.assistance.informatique\/\" target=\"_blank\" rel=\"noopener\"><strong>Facebook<\/strong><\/a> : <a href=\"https:\/\/www.facebook.com\/nicolas.assistance.informatique\/\" target=\"_blank\" rel=\"noopener\"><em>facebook.com\/nicolas.assistance.informatique<\/em><\/a><\/p>\n\n\n<p><\/p>\n","protected":false},"excerpt":{"rendered":"<p>Pour prendre rendez-vous ou pour tous renseignements, vous pouvez me contacter : Par t\u00e9l\u00e9phone au : 06 29 37 87 16Par mail : contact@nicolas-informatique.com Pour suivre mon actualit\u00e9 sur Facebook : facebook.com\/nicolas.assistance.informatique<\/p>\n","protected":false},"author":1,"featured_media":5,"parent":0,"menu_order":0,"comment_status":"closed","ping_status":"closed","template":"","meta":[],"yoast_head":"<!-- This site is optimized with the Yoast SEO plugin v16.5 - https:\/\/yoast.com\/wordpress\/plugins\/seo\/ -->\n<title>Contact &gt; Nicolas assistance informatique<\/title>\n<meta name=\"description\" content=\"Assistance informatique et internet \u00e0 domicile sur Bayeux, Aunay sur Odon. Service \u00e0 la personne. D\u00e9pannage informatique \u00e0 domicile.\" \/>\n<meta name=\"robots\" content=\"index, follow, max-snippet:-1, max-image-preview:large, max-video-preview:-1\" \/>\n<link rel=\"canonical\" href=\"https:\/\/www.nicolas-informatique.com\/index.php\/contact\/\" \/>\n<meta property=\"og:locale\" content=\"fr_FR\" \/>\n<meta property=\"og:type\" content=\"article\" \/>\n<meta property=\"og:title\" content=\"Contact &gt; Nicolas assistance informatique\" \/>\n<meta property=\"og:description\" content=\"Assistance informatique et internet \u00e0 domicile sur Bayeux, Aunay sur Odon. Service \u00e0 la personne. D\u00e9pannage informatique \u00e0 domicile.\" \/>\n<meta property=\"og:url\" content=\"https:\/\/www.nicolas-informatique.com\/index.php\/contact\/\" \/>\n<meta property=\"og:site_name\" content=\"Nicolas assistance informatique\" \/>\n<meta property=\"article:publisher\" content=\"https:\/\/www.facebook.com\/nicolas.assistance.informatique\" \/>\n<meta property=\"article:modified_time\" content=\"2025-05-13T14:15:46+00:00\" \/>\n<meta property=\"og:image\" content=\"http:\/\/www.nicolas-informatique.com\/wp-content\/uploads\/2019\/03\/espresso.jpg\" \/>\n\t<meta property=\"og:image:width\" content=\"2000\" \/>\n\t<meta property=\"og:image:height\" content=\"1200\" \/>\n<meta name=\"twitter:card\" content=\"summary_large_image\" \/>\n<meta name=\"twitter:label1\" content=\"Dur\u00e9e de lecture est.\" \/>\n\t<meta name=\"twitter:data1\" content=\"1 minute\" \/>\n<script type=\"application\/ld+json\" class=\"yoast-schema-graph\">{\"@context\":\"https:\/\/schema.org\",\"@graph\":[{\"@type\":\"Organization\",\"@id\":\"https:\/\/www.nicolas-informatique.com\/#organization\",\"name\":\"Nicolas Assistance Informatique\",\"url\":\"https:\/\/www.nicolas-informatique.com\/\",\"sameAs\":[\"https:\/\/www.facebook.com\/nicolas.assistance.informatique\"],\"logo\":{\"@type\":\"ImageObject\",\"@id\":\"https:\/\/www.nicolas-informatique.com\/#logo\",\"inLanguage\":\"fr-FR\",\"url\":\"http:\/\/www.nicolas-informatique.com\/wp-content\/uploads\/2021\/06\/nicolas-assistance-informatique.jpg\",\"contentUrl\":\"http:\/\/www.nicolas-informatique.com\/wp-content\/uploads\/2021\/06\/nicolas-assistance-informatique.jpg\",\"width\":803,\"height\":613,\"caption\":\"Nicolas Assistance Informatique\"},\"image\":{\"@id\":\"https:\/\/www.nicolas-informatique.com\/#logo\"}},{\"@type\":\"WebSite\",\"@id\":\"https:\/\/www.nicolas-informatique.com\/#website\",\"url\":\"https:\/\/www.nicolas-informatique.com\/\",\"name\":\"Nicolas assistance informatique\",\"description\":\"Assistance informatique et internet \\u00e0 domicile \/ Bayeux - Tel : 06 29 37 87 16\",\"publisher\":{\"@id\":\"https:\/\/www.nicolas-informatique.com\/#organization\"},\"potentialAction\":[{\"@type\":\"SearchAction\",\"target\":\"https:\/\/www.nicolas-informatique.com\/?s={search_term_string}\",\"query-input\":\"required name=search_term_string\"}],\"inLanguage\":\"fr-FR\"},{\"@type\":\"ImageObject\",\"@id\":\"https:\/\/www.nicolas-informatique.com\/index.php\/contact\/#primaryimage\",\"inLanguage\":\"fr-FR\",\"url\":\"https:\/\/www.nicolas-informatique.com\/wp-content\/uploads\/2019\/03\/espresso.jpg\",\"contentUrl\":\"https:\/\/www.nicolas-informatique.com\/wp-content\/uploads\/2019\/03\/espresso.jpg\",\"width\":2000,\"height\":1200},{\"@type\":\"WebPage\",\"@id\":\"https:\/\/www.nicolas-informatique.com\/index.php\/contact\/#webpage\",\"url\":\"https:\/\/www.nicolas-informatique.com\/index.php\/contact\/\",\"name\":\"Contact &gt; Nicolas assistance informatique\",\"isPartOf\":{\"@id\":\"https:\/\/www.nicolas-informatique.com\/#website\"},\"primaryImageOfPage\":{\"@id\":\"https:\/\/www.nicolas-informatique.com\/index.php\/contact\/#primaryimage\"},\"datePublished\":\"2019-03-29T10:48:35+00:00\",\"dateModified\":\"2025-05-13T14:15:46+00:00\",\"description\":\"Assistance informatique et internet \\u00e0 domicile sur Bayeux, Aunay sur Odon. Service \\u00e0 la personne. D\\u00e9pannage informatique \\u00e0 domicile.\",\"breadcrumb\":{\"@id\":\"https:\/\/www.nicolas-informatique.com\/index.php\/contact\/#breadcrumb\"},\"inLanguage\":\"fr-FR\",\"potentialAction\":[{\"@type\":\"ReadAction\",\"target\":[\"https:\/\/www.nicolas-informatique.com\/index.php\/contact\/\"]}]},{\"@type\":\"BreadcrumbList\",\"@id\":\"https:\/\/www.nicolas-informatique.com\/index.php\/contact\/#breadcrumb\",\"itemListElement\":[{\"@type\":\"ListItem\",\"position\":1,\"name\":\"Accueil\",\"item\":\"https:\/\/www.nicolas-informatique.com\/\"},{\"@type\":\"ListItem\",\"position\":2,\"name\":\"Contact\"}]}]}<\/script>\n<!-- \/ Yoast SEO plugin. -->","_links":{"self":[{"href":"https:\/\/www.nicolas-informatique.com\/index.php\/wp-json\/wp\/v2\/pages\/10"}],"collection":[{"href":"https:\/\/www.nicolas-informatique.com\/index.php\/wp-json\/wp\/v2\/pages"}],"about":[{"href":"https:\/\/www.nicolas-informatique.com\/index.php\/wp-json\/wp\/v2\/types\/page"}],"author":[{"embeddable":true,"href":"https:\/\/www.nicolas-informatique.com\/index.php\/wp-json\/wp\/v2\/users\/1"}],"replies":[{"embeddable":true,"href":"https:\/\/www.nicolas-informatique.com\/index.php\/wp-json\/wp\/v2\/comments?post=10"}],"version-history":[{"count":10,"href":"https:\/\/www.nicolas-informatique.com\/index.php\/wp-json\/wp\/v2\/pages\/10\/revisions"}],"predecessor-version":[{"id":354,"href":"https:\/\/www.nicolas-informatique.com\/index.php\/wp-json\/wp\/v2\/pages\/10\/revisions\/354"}],"wp:featuredmedia":[{"embeddable":true,"href":"https:\/\/www.nicolas-informatique.com\/index.php\/wp-json\/wp\/v2\/media\/5"}],"wp:attachment":[{"href":"https:\/\/www.nicolas-informatique.com\/index.php\/wp-json\/wp\/v2\/media?parent=10"}],"curies":[{"name":"wp","href":"https:\/\/api.w.org\/{rel}","templated":true}]}}